{"id":8,"date":"2013-10-20T16:35:28","date_gmt":"2013-10-20T14:35:28","guid":{"rendered":"http:\/\/www.tcdombasle.fr\/testnewsite\/?page_id=8"},"modified":"2022-08-22T18:04:14","modified_gmt":"2022-08-22T16:04:14","slug":"mentions-legales","status":"publish","type":"page","link":"https:\/\/www.tcdombasle.fr\/?page_id=8","title":{"rendered":"Mentions l\u00e9gales"},"content":{"rendered":"<p style=\"text-align: justify;\"><span style=\"color: #000000;\">PROTECTION DES DONN\u00c9ES PERSONNELLES<\/span><\/p>\n<p style=\"text-align: justify;\">1 &#8211; Coordonn\u00e9es personnelles<\/p>\n<p style=\"text-align: justify;\">Dans certains cas, le club peut \u00eatre amen\u00e9 \u00e0 demander aux internautes de laisser leurs coordonn\u00e9es personnelles, notamment les adresses \u00e9lectroniques et\/ou physiques. Ces informations pourront donner lieu \u00e0 un traitement informatique aux fins de publipostage (envoi de messages promotionnels, d&rsquo;information etc.) par le club, qui pourra \u00e9galement \u00eatre amen\u00e9 \u00e0 les \u00e9changer ou les c\u00e9der \u00e0 ses partenaires commerciaux. Chacune de ces demandes, consultables le cas \u00e9ch\u00e9ant aux pages concern\u00e9es du site Internet du club, est accompagn\u00e9e d&rsquo;une case \u00e0 cocher, autorisant ou non le club \u00e0 utiliser les donn\u00e9es collect\u00e9es. En cas d&rsquo;acceptation par la validation de la case correspondant \u00e0 l&rsquo;utilisation souhait\u00e9e, le club se r\u00e9serve le droit d&rsquo;adresser des publipostages \u00e0 l&rsquo;utilisateur pour lui proposer des informations, des offres \u00e9manant du club ou de ses partenaires commerciaux, et\/ou de proc\u00e9der \u00e0 l&rsquo;\u00e9change ou \u00e0 la cession, \u00e0 titre gratuit ou on\u00e9reux, des informations consid\u00e9r\u00e9es.<\/p>\n<p style=\"text-align: justify;\">2 &#8211; Droits et devoirs<\/p>\n<p style=\"text-align: justify;\">En tout \u00e9tat de cause, conform\u00e9ment \u00e0 l&rsquo;article 39 de la loi \u00ab&nbsp;Informatique et Libert\u00e9s&nbsp;\u00bb du 6 janvier 1978, l&rsquo;utilisateur dispose d&rsquo;un droit d&rsquo;acc\u00e8s, de modification, de rectification et de suppression des donn\u00e9es le concernant. Pour l&rsquo;exercice de ces droits, l&rsquo;utilisateur est invit\u00e9 \u00e0 s&rsquo;adresser par courriel \u00e0 l&rsquo;adresse&nbsp;: tennisclub.dombasle (at) sfr.fr.<\/p>\n<p style=\"text-align: justify;\">Il peut aussi \u00e9crire \u00e0&nbsp;:<\/p>\n<p style=\"text-align: justify;\">TC Dombasle, Digue de la Saline, 54110 Dombasle-sur-Meurthe.<\/p>\n<p style=\"text-align: justify;\">L&rsquo;utilisateur peut \u00e9galement, pour des motifs l\u00e9gitimes, s&rsquo;opposer au traitement des donn\u00e9es le concernant. L&rsquo;utilisateur trouvera des informations sur ses droits et devoirs et sur la protection des donn\u00e9es individuelles sur le site de la Commission Nationale Informatique et Libert\u00e9s (www.cnil.fr). Les utilisateurs de ce site Internet sont invit\u00e9s \u00e0 se faire conna\u00eetre \u00e0 la ligue. Leurs remarques sur d&rsquo;\u00e9ventuels dysfonctionnements du site au regard des libert\u00e9s individuelles, \u00e0 l&rsquo;une ou l&rsquo;autre des adresses indiqu\u00e9es ci-avant.<\/p>\n","protected":false},"excerpt":{"rendered":"<p>PROTECTION DES DONN\u00c9ES PERSONNELLES 1 &#8211; Coordonn\u00e9es personnelles Dans certains cas, le club peut \u00eatre amen\u00e9 \u00e0 demander aux internautes de laisser leurs coordonn\u00e9es personnelles, notamment les adresses \u00e9lectroniques et\/ou physiques. Ces informations pourront donner lieu \u00e0 un traitement informatique &hellip; <a href=\"https:\/\/www.tcdombasle.fr\/?page_id=8\">Continuer la lecture <span class=\"meta-nav\">&rarr;<\/span><\/a><\/p>\n","protected":false},"author":1,"featured_media":0,"parent":0,"menu_order":5,"comment_status":"closed","ping_status":"closed","template":"","meta":{"jetpack_post_was_ever_published":false,"footnotes":""},"class_list":["post-8","page","type-page","status-publish","hentry"],"jetpack_shortlink":"https:\/\/wp.me\/P4gjgU-8","jetpack_sharing_enabled":true,"_links":{"self":[{"href":"https:\/\/www.tcdombasle.fr\/index.php?rest_route=\/wp\/v2\/pages\/8","targetHints":{"allow":["GET"]}}],"collection":[{"href":"https:\/\/www.tcdombasle.fr\/index.php?rest_route=\/wp\/v2\/pages"}],"about":[{"href":"https:\/\/www.tcdombasle.fr\/index.php?rest_route=\/wp\/v2\/types\/page"}],"author":[{"embeddable":true,"href":"https:\/\/www.tcdombasle.fr\/index.php?rest_route=\/wp\/v2\/users\/1"}],"replies":[{"embeddable":true,"href":"https:\/\/www.tcdombasle.fr\/index.php?rest_route=%2Fwp%2Fv2%2Fcomments&post=8"}],"version-history":[{"count":3,"href":"https:\/\/www.tcdombasle.fr\/index.php?rest_route=\/wp\/v2\/pages\/8\/revisions"}],"predecessor-version":[{"id":1555,"href":"https:\/\/www.tcdombasle.fr\/index.php?rest_route=\/wp\/v2\/pages\/8\/revisions\/1555"}],"wp:attachment":[{"href":"https:\/\/www.tcdombasle.fr\/index.php?rest_route=%2Fwp%2Fv2%2Fmedia&parent=8"}],"curies":[{"name":"wp","href":"https:\/\/api.w.org\/{rel}","templated":true}]}}