{"id":514,"date":"2015-02-20T00:43:07","date_gmt":"2015-02-19T23:43:07","guid":{"rendered":"http:\/\/www.tcdombasle.fr\/?page_id=514"},"modified":"2025-08-16T17:11:53","modified_gmt":"2025-08-16T15:11:53","slug":"palmares-tournoi-open","status":"publish","type":"page","link":"https:\/\/www.tcdombasle.fr\/?page_id=514","title":{"rendered":"Palmar\u00e8s Tournoi Open"},"content":{"rendered":"<p>Retrouvez ici le palmar\u00e8s du tournoi open du club.<\/p>\n<p><strong><span style=\"color: #ff0000;\">2025 :<\/span><\/strong><\/p>\n<p style=\"padding-left: 30px;\"><strong><span style=\"color: #0000ff;\">Hommes :<\/span><\/strong><\/p>\n<p style=\"padding-left: 60px;\"><strong>Romain WUSARCZUK<\/strong> (2\/6 &#8211; TC Lun\u00e9ville) bat Oscar PERRIN (2\/6 &#8211; VNTC) : 6\/3 &#8211; 6\/7(4) &#8211; 6\/1<\/p>\n<p style=\"padding-left: 30px;\"><strong><span style=\"color: #0000ff;\">Dames :<\/span><\/strong><\/p>\n<p style=\"padding-left: 60px;\"><strong>Elisa CLAUDEPIERRE<\/strong> (5\/6 &#8211; TC Toul) bat Justine HELD (5\/6 &#8211; TSB Jarville) : 1\/0 Abandon<\/p>\n<p style=\"padding-left: 30px;\"><strong><span style=\"color: #0000ff;\">Hommes 45 + :<\/span><\/strong><\/p>\n<p style=\"padding-left: 60px;\"><strong>Jean-Charles MOISE<\/strong> (15\/1 &#8211; TC Laxou Sapini\u00e8re) bat Laurent WUSARCZUK (15\/2 &#8211; TC Lun\u00e9ville) : 6\/0 &#8211; 6\/3<\/p>\n<p><strong><span style=\"color: #ff0000;\">2024 :<\/span><\/strong><\/p>\n<p style=\"padding-left: 30px;\"><strong><span style=\"color: #0000ff;\">Hommes :<\/span><\/strong><\/p>\n<p style=\"padding-left: 60px;\"><strong>Romain WUSARCZUK<\/strong> (2\/6 &#8211; TC Lun\u00e9ville) bat Luc LOCATELLI (2\/6 &#8211; US Vandoeuvre) : 6\/1 &#8211; 6\/0<\/p>\n<p style=\"padding-left: 30px;\"><strong><span style=\"color: #0000ff;\">Dames :<\/span><\/strong><\/p>\n<p style=\"padding-left: 60px;\"><strong>Lisa BELLOTT<\/strong> (5\/6 &#8211; VNTC) bat Val\u00e9rie RUFFIN FOLLIET (5\/6 &#8211; TC Essey-Les-Nancy) : 6\/1 &#8211; 6\/1<\/p>\n<p style=\"padding-left: 30px;\"><strong><span style=\"color: #0000ff;\">Hommes 45 + :<\/span><\/strong><\/p>\n<p style=\"padding-left: 60px;\"><strong>S\u00e9bastien WIMBEE<\/strong> (15\/1 &#8211; TC Dombasle) bat Fr\u00e9d\u00e9ric TOUSSAINT (15\/1 &#8211; TC Ludres) : 6\/4 &#8211; 6\/0<\/p>\n<p><strong><span style=\"color: #ff0000;\">2023 :<\/span><\/strong><\/p>\n<p style=\"padding-left: 30px;\"><strong><span style=\"color: #0000ff;\">Hommes :<\/span><\/strong><\/p>\n<p style=\"padding-left: 60px;\"><strong>Romain WUSARCZUK<\/strong> (1\/6 &#8211; TC Lun\u00e9ville) bat Cl\u00e9ment PREVITALI (2\/6 &#8211; Tavaux Saint-Aubin Tennis Grand D\u00f4le) : 6\/3 &#8211; 6\/4<\/p>\n<p style=\"padding-left: 30px;\"><strong><span style=\"color: #0000ff;\">Dames :<\/span><\/strong><\/p>\n<p style=\"padding-left: 60px;\"><strong>Marie AUBERT<\/strong> (4\/6 &#8211; Cattenom TC) bat Val\u00e9rie RUFFIN FOLLIET (4\/6 &#8211; TC Essey-Les-Nancy) : 6\/1 &#8211; 6\/0<\/p>\n<p style=\"padding-left: 30px;\"><strong><span style=\"color: #0000ff;\">Hommes 45 + :<\/span><\/strong><\/p>\n<p style=\"padding-left: 60px;\"><strong>Laurent WUSARCZUK<\/strong> (15 &#8211; TC Lun\u00e9ville) bat S\u00e9bastien WIMBEE (15 &#8211; TC Dombasle) : 6\/1 &#8211; 6\/1<\/p>\n<p><strong><span style=\"color: #ff0000;\">2022 :<\/span><\/strong><\/p>\n<p style=\"padding-left: 30px;\"><strong><span style=\"color: #0000ff;\">Hommes :<\/span><\/strong><\/p>\n<p style=\"padding-left: 60px;\"><strong>Oscar PERRIN<\/strong>\u00a0(1\/6 &#8211; VNTC) bat Luc LOCATELLI (2\/6 &#8211; US Vandoeuvre) : 4\/6 &#8211; 6\/2 &#8211; 6\/4<\/p>\n<p style=\"padding-left: 30px;\"><strong><span style=\"color: #0000ff;\">Dames :<\/span><\/strong><\/p>\n<p style=\"padding-left: 60px;\"><strong>Val\u00e9rie RUFFIN FOLLIET<\/strong>\u00a0(4\/6 &#8211; TC Essey-les-Nancy) bat Justine HELD (5\/6 &#8211; TSB Jarville) : 6\/4 &#8211; 6\/4<\/p>\n<p style=\"padding-left: 30px;\"><strong><span style=\"color: #0000ff;\">Hommes 45 + :<\/span><\/strong><\/p>\n<p style=\"padding-left: 60px;\"><strong>Philippe DANTAS DE MORAIS<\/strong>\u00a0(15 &#8211; VNTC) bat S\u00e9bastien WIMBEE (5\/6 &#8211; TC Dombasle) :\u00a06\/1 &#8211; 6\/2<\/p>\n<p style=\"padding-left: 30px;\"><strong><span style=\"color: #0000ff;\">Hommes 55 + :<\/span><\/strong><\/p>\n<p style=\"padding-left: 60px;\"><strong>J\u00e9r\u00f4me BOLUT<\/strong>\u00a0(15\/5 &#8211; VNTC) bat Eric STREIT (15\/2 &#8211; AT Laneuveville) : 4\/6 &#8211; 6\/4 &#8211; 6\/3<\/p>\n<p><strong><span style=\"color: #ff0000;\">2021 :<\/span><\/strong><\/p>\n<p style=\"padding-left: 30px;\"><strong><span style=\"color: #0000ff;\">Hommes :<\/span><\/strong><\/p>\n<p style=\"padding-left: 60px;\"><strong>Antoine CLAUDEL\u00a0<\/strong>(0 &#8211; VNTC) bat Julien LEROY (2\/6 &#8211; Laxou Tennis Sapini\u00e8re) : 7\/6 &#8211; 4\/6 &#8211; Abandon<\/p>\n<p style=\"padding-left: 30px;\"><strong><span style=\"color: #0000ff;\">Dames :<\/span><\/strong><\/p>\n<p style=\"padding-left: 60px;\"><strong>Aur\u00e9lie MARCHAL<\/strong>\u00a0(2\/6 &#8211; Nancy Well TC) bat Mailys LIMOUSY (4\/6 &#8211; Nancy Well TC) : 6\/3 &#8211; 6\/2<\/p>\n<p><strong><span style=\"color: #ff0000;\">2020 :<\/span><\/strong><\/p>\n<p style=\"padding-left: 30px;\"><strong><span style=\"color: #0000ff;\">NON JOUE EN RAISON DE LA PANDEMIE DE COVID-19.<\/span><\/strong><\/p>\n<p><strong><span style=\"color: #ff0000;\">2019 :<\/span><\/strong><\/p>\n<p style=\"padding-left: 30px;\"><strong><span style=\"color: #0000ff;\">Hommes :<\/span><\/strong><\/p>\n<p style=\"padding-left: 60px;\"><strong>Antoine CLAUDEL\u00a0<\/strong>(1\/6 &#8211; VNTC) bat Paul Hugo SIESKIND (0 &#8211; Dijon TC) : 6\/3 &#8211; 6\/7 &#8211; 6\/4<\/p>\n<p style=\"padding-left: 30px;\"><strong><span style=\"color: #0000ff;\">Dames :<\/span><\/strong><\/p>\n<p style=\"padding-left: 60px;\"><strong>Aur\u00e9lie MARCHAL<\/strong>\u00a0(3\/6 &#8211; Nancy Well TC) bat Mailys LIMOUSY (4\/6 &#8211; VNTC) : 6\/1 &#8211; 6\/2<\/p>\n<p style=\"padding-left: 30px;\"><strong><span style=\"color: #0000ff;\">Hommes 45 + :<\/span><\/strong><\/p>\n<p style=\"padding-left: 60px;\"><strong>Laurent WUSARCZUK\u00a0<\/strong>(5\/6 &#8211; TC Lun\u00e9ville) bat S\u00e9bastien WIMBEE (5\/6 &#8211; TC Dombasle)\u00a0 : 6\/3 &#8211; 6\/1<\/p>\n<p><strong><span style=\"color: #ff0000;\">2018 :<\/span><\/strong><\/p>\n<p style=\"padding-left: 30px;\"><strong><span style=\"color: #0000ff;\">Hommes :<\/span><\/strong><\/p>\n<p style=\"padding-left: 60px;\"><strong>Mario URQUIDI\u00a0<\/strong>(-2\/6 &#8211; Club Etrangers F\u00e9d\u00e9ration) bat Beno\u00eet SCHORPP (5\/6 &#8211; Nancy Well TC) : 6\/1 &#8211; 6\/2<\/p>\n<p style=\"padding-left: 30px;\"><strong><span style=\"color: #0000ff;\">Dames :<\/span><\/strong><\/p>\n<p style=\"padding-left: 60px;\"><strong>Pia PRAEFKE<\/strong>\u00a0(4\/6 &#8211; Freyming-Merlebach RC) bat Claire SCHOEFER (5\/6 &#8211; Jarville TSB) : 6\/1 &#8211; 6\/2<\/p>\n<p style=\"padding-left: 30px;\"><strong><span style=\"color: #0000ff;\">Hommes 45 + :<\/span><\/strong><\/p>\n<p style=\"padding-left: 60px;\"><strong>Laurent WUSARCZUK\u00a0<\/strong>(5\/6 &#8211; TC Lun\u00e9ville) bat S\u00e9bastien WIMBEE (15 &#8211; TC Dombasle)\u00a0 : 6\/3 &#8211; 6\/4<\/p>\n<p><strong><span style=\"color: #ff0000;\">2017 :<\/span><\/strong><\/p>\n<p style=\"padding-left: 30px;\"><strong><span style=\"color: #0000ff;\">Hommes :<\/span><\/strong><\/p>\n<p style=\"padding-left: 60px;\"><strong>Damien BOULANGEOT <\/strong>(0 &#8211; US Vandoeuvre) bat Thibaut BEAUCOURT (0 &#8211; ASPTT Metz) : 0\/6 &#8211; 7\/6 &#8211; 6\/3<\/p>\n<p style=\"padding-left: 30px;\"><strong><span style=\"color: #0000ff;\">Dames :<\/span><\/strong><\/p>\n<p style=\"padding-left: 60px;\"><strong>Lisa DISTEL<\/strong> (3\/6 &#8211; TC Phalsbourg) bat Albane LHUILLIER (5\/6 &#8211; TC Heillecourt) : 6\/1 &#8211; 6\/0<\/p>\n<p style=\"padding-left: 30px;\"><strong><span style=\"color: #0000ff;\">Hommes 45 + :<\/span><\/strong><\/p>\n<p style=\"padding-left: 60px;\"><strong>Fr\u00e9d\u00e9ric TOUSSAINT <\/strong>(15\/1 &#8211; TC Ludres) bat S\u00e9bastien WIMBEE (15 &#8211; TC Dombasle)\u00a0 : 6\/3 &#8211; 4\/6 &#8211; 7\/5<\/p>\n<p><strong><span style=\"color: #ff0000;\">2016 :<\/span><\/strong><\/p>\n<p style=\"padding-left: 30px;\"><strong><span style=\"color: #0000ff;\">Hommes :<\/span><\/strong><\/p>\n<p style=\"padding-left: 60px;\"><strong>Thibaut BEAUCOURT<\/strong> (1\/6 &#8211; ASPTT Metz) bat Antoine CLAUDEL (1\/6 &#8211; ATPN) : 6\/3 &#8211; 6\/7 &#8211; 6\/2<\/p>\n<p style=\"padding-left: 30px;\"><strong><span style=\"color: #0000ff;\">Dames :<\/span><\/strong><\/p>\n<p style=\"padding-left: 60px;\"><strong>Lisa DISTEL<\/strong> (3\/6 &#8211; TC Phalsbourg) bat Lola MARANDEL (3\/6 &#8211; ATPN) : 6\/4 &#8211; 1\/6 &#8211; 7\/6<\/p>\n<p style=\"padding-left: 30px;\"><strong><span style=\"color: #0000ff;\">Hommes 45 + :<\/span><\/strong><\/p>\n<p style=\"padding-left: 60px;\"><strong>S\u00e9bastien WIMBEE<\/strong>\u00a0(15 &#8211; TC Dombasle) bat Jean DUCHESNE (15\/2 &#8211; ATPN) : 6\/2 &#8211; 6\/0<\/p>\n<p><strong><span style=\"color: #ff0000;\">2015 :<\/span><\/strong><\/p>\n<p style=\"padding-left: 30px;\"><strong><span style=\"color: #0000ff;\">Hommes :<\/span><\/strong><\/p>\n<p style=\"padding-left: 60px;\"><strong>Felipe\u00a0ROJAS RODRIGUEZ<\/strong>\u00a0(1\/6 &#8211; TC Schiltigheim) bat Maxime BOURGOIN\u00a0(1\/6 &#8211; TC Heillecourt) : 4\/6 &#8211; 6\/2 &#8211; 6\/3<\/p>\n<p style=\"padding-left: 30px;\"><strong><span style=\"color: #0000ff;\">Dames :<\/span><\/strong><\/p>\n<p style=\"padding-left: 60px;\"><strong>Anna AUQUE<\/strong>\u00a0(4\/6 &#8211; TC Heillecourt) bat Camille HENNEQUIN (15 &#8211; TC Heillecourt) : 6\/2 &#8211; 6\/2<\/p>\n<p style=\"padding-left: 30px;\"><strong><span style=\"color: #0000ff;\">Hommes 45 + :<\/span><\/strong><\/p>\n<p style=\"padding-left: 60px;\"><strong>Eric GRANDJEAN<\/strong>\u00a0(15\/1 &#8211; AT Laneuveville) bat S\u00e9bastien WIMBEE\u00a0(15 &#8211; TC Dombasle) : 7\/5 &#8211; 7\/6<\/p>\n<p><strong><span style=\"color: #ff0000;\">2014 :<\/span><\/strong><\/p>\n<p style=\"padding-left: 30px;\"><strong><span style=\"color: #0000ff;\">Hommes :<\/span><\/strong><\/p>\n<p style=\"padding-left: 60px;\"><strong>Damien BOULANGEOT<\/strong>\u00a0(4\/6 &#8211; US Vandoeuvre) bat Alexandre GUERIN\u00a0(4\/6 &#8211; ATPN) : 4\/6 &#8211; 6\/3 &#8211; 6\/0<\/p>\n<p style=\"padding-left: 30px;\"><strong><span style=\"color: #0000ff;\">Dames :<\/span><\/strong><\/p>\n<p style=\"padding-left: 60px;\"><strong>Marie THOMAS<\/strong>\u00a0(4\/6 &#8211; TC Batilly) bat Laurence MARINGER\u00a0(5\/6 &#8211; TC Saint-Avold) : 6\/2 &#8211; 6\/1<\/p>\n<p style=\"padding-left: 30px;\"><strong><span style=\"color: #0000ff;\">Hommes 45 + :<\/span><\/strong><\/p>\n<p style=\"padding-left: 60px;\"><strong>S\u00e9bastien WIMBEE<\/strong>\u00a0(15 &#8211; TC Dombasle) bat Fr\u00e9d\u00e9ric TOUSSAINT\u00a0(15\/3 &#8211; TC Ludres) : 6\/1 &#8211; 6\/4<\/p>\n<p><strong><span style=\"color: #ff0000;\">2013 :<\/span><\/strong><\/p>\n<p style=\"padding-left: 30px;\"><strong><span style=\"color: #0000ff;\">Hommes :<\/span><\/strong><\/p>\n<p style=\"padding-left: 60px;\"><strong>J\u00e9r\u00e9my MACCHI<\/strong>\u00a0(3\/6 &#8211; ATPN) bat John MENETTE\u00a0(5\/6 -AT Laneuveville) :\u00a06\/4 &#8211; 3\/6 &#8211; 6\/2<\/p>\n<p style=\"padding-left: 30px;\"><strong><span style=\"color: #0000ff;\">Dames :<\/span><\/strong><\/p>\n<p style=\"padding-left: 60px;\"><strong>Clara BELLUSSI<\/strong>\u00a0(3\/6 &#8211; ATPN) bat Pauline CAVE\u00a0(4\/6 &#8211; ATPN) : 6\/2 &#8211; 7\/6<\/p>\n<p style=\"padding-left: 30px;\"><strong><span style=\"color: #0000ff;\">Hommes 45 + :<\/span><\/strong><\/p>\n<p style=\"padding-left: 60px;\"><strong>Andr\u00e9 DO<\/strong>\u00a0(15\/4 &#8211; TC Lun\u00e9ville) bat Pascal AMBOS\u00a0(15\/3 &#8211; Dieulouard ESS) :\u00a03\/6 &#8211; 7\/5 &#8211; 7\/5<\/p>\n<p><strong><span style=\"color: #ff0000;\">2012 :<\/span><\/strong><\/p>\n<p style=\"padding-left: 30px;\"><strong><span style=\"color: #0000ff;\">Hommes :<\/span><\/strong><\/p>\n<p style=\"padding-left: 60px;\"><strong>Florent BESSIS<\/strong>\u00a0(4\/6 &#8211; ATPN) bat Charles REBOUL (15 &#8211; TC Lun\u00e9ville) :\u00a06\/2 &#8211; 6\/2<\/p>\n<p style=\"padding-left: 30px;\"><strong><span style=\"color: #0000ff;\">Dames :<\/span><\/strong><\/p>\n<p style=\"padding-left: 60px;\"><strong>Pauline CAVE<\/strong>\u00a0(4\/6 &#8211; ATPN) bat Victorine\u00a0HUTIN\u00a0(4\/6 &#8211; ASPTT Nancy) : 4\/6 &#8211; 6\/0 &#8211; 6\/0<\/p>\n<p style=\"padding-left: 30px;\"><strong><span style=\"color: #0000ff;\">Hommes 45 + :<\/span><\/strong><\/p>\n<p style=\"padding-left: 60px;\"><strong>James MARTIN<\/strong>\u00a0(15\/4 &#8211; AT Laneuveville) bat Christophe BACUS (15\/4 &#8211; COS Villers) :\u00a06\/2 &#8211; 6\/2<\/p>\n<p style=\"padding-left: 30px;\"><strong><span style=\"color: #0000ff;\">Hommes 55 + :<\/span><\/strong><\/p>\n<p style=\"padding-left: 60px;\"><strong>Georges MANSARD<\/strong>\u00a0(15\/4 &#8211; TC Dieuze) bat Marc FINOT\u00a0(15\/5 &#8211; TC Dombasle) : 7\/6 &#8211; 6\/2<\/p>\n","protected":false},"excerpt":{"rendered":"<p>Retrouvez ici le palmar\u00e8s du tournoi open du club. 2025 : Hommes : Romain WUSARCZUK (2\/6 &#8211; TC Lun\u00e9ville) bat Oscar PERRIN (2\/6 &#8211; VNTC) : 6\/3 &#8211; 6\/7(4) &#8211; 6\/1 Dames : Elisa CLAUDEPIERRE (5\/6 &#8211; TC Toul) bat &hellip; <a href=\"https:\/\/www.tcdombasle.fr\/?page_id=514\">Continuer la lecture <span class=\"meta-nav\">&rarr;<\/span><\/a><\/p>\n","protected":false},"author":1,"featured_media":0,"parent":498,"menu_order":0,"comment_status":"open","ping_status":"open","template":"","meta":{"jetpack_post_was_ever_published":false,"footnotes":""},"class_list":["post-514","page","type-page","status-publish","hentry"],"jetpack_shortlink":"https:\/\/wp.me\/P4gjgU-8i","jetpack_sharing_enabled":true,"_links":{"self":[{"href":"https:\/\/www.tcdombasle.fr\/index.php?rest_route=\/wp\/v2\/pages\/514","targetHints":{"allow":["GET"]}}],"collection":[{"href":"https:\/\/www.tcdombasle.fr\/index.php?rest_route=\/wp\/v2\/pages"}],"about":[{"href":"https:\/\/www.tcdombasle.fr\/index.php?rest_route=\/wp\/v2\/types\/page"}],"author":[{"embeddable":true,"href":"https:\/\/www.tcdombasle.fr\/index.php?rest_route=\/wp\/v2\/users\/1"}],"replies":[{"embeddable":true,"href":"https:\/\/www.tcdombasle.fr\/index.php?rest_route=%2Fwp%2Fv2%2Fcomments&post=514"}],"version-history":[{"count":26,"href":"https:\/\/www.tcdombasle.fr\/index.php?rest_route=\/wp\/v2\/pages\/514\/revisions"}],"predecessor-version":[{"id":1799,"href":"https:\/\/www.tcdombasle.fr\/index.php?rest_route=\/wp\/v2\/pages\/514\/revisions\/1799"}],"up":[{"embeddable":true,"href":"https:\/\/www.tcdombasle.fr\/index.php?rest_route=\/wp\/v2\/pages\/498"}],"wp:attachment":[{"href":"https:\/\/www.tcdombasle.fr\/index.php?rest_route=%2Fwp%2Fv2%2Fmedia&parent=514"}],"curies":[{"name":"wp","href":"https:\/\/api.w.org\/{rel}","templated":true}]}}