{"id":51,"date":"2013-10-20T18:34:46","date_gmt":"2013-10-20T16:34:46","guid":{"rendered":"http:\/\/www.tcdombasle.fr\/testnewsite\/?page_id=51"},"modified":"2023-08-28T09:34:58","modified_gmt":"2023-08-28T07:34:58","slug":"reservation-de-courts","status":"publish","type":"page","link":"https:\/\/www.tcdombasle.fr\/?page_id=51","title":{"rendered":"R\u00e9servation de courts"},"content":{"rendered":"<p>Pour r\u00e9server votre cr\u00e9neau horaire, tout se fait sur l&rsquo;application Ten&rsquo;Up, sur smartphone ou tablette, ou sur un ordinateur via le site :<\/p>\n<p><a href=\"https:\/\/tenup.fft.fr\/\" target=\"_blank\" rel=\"noopener\">https:\/\/tenup.fft.fr\/<\/a><\/p>\n","protected":false},"excerpt":{"rendered":"<p>Pour r\u00e9server votre cr\u00e9neau horaire, tout se fait sur l&rsquo;application Ten&rsquo;Up, sur smartphone ou tablette, ou sur un ordinateur via le site : https:\/\/tenup.fft.fr\/<\/p>\n","protected":false},"author":1,"featured_media":0,"parent":0,"menu_order":0,"comment_status":"closed","ping_status":"closed","template":"","meta":{"jetpack_post_was_ever_published":false,"footnotes":""},"class_list":["post-51","page","type-page","status-publish","hentry"],"jetpack_shortlink":"https:\/\/wp.me\/P4gjgU-P","jetpack_sharing_enabled":true,"_links":{"self":[{"href":"https:\/\/www.tcdombasle.fr\/index.php?rest_route=\/wp\/v2\/pages\/51","targetHints":{"allow":["GET"]}}],"collection":[{"href":"https:\/\/www.tcdombasle.fr\/index.php?rest_route=\/wp\/v2\/pages"}],"about":[{"href":"https:\/\/www.tcdombasle.fr\/index.php?rest_route=\/wp\/v2\/types\/page"}],"author":[{"embeddable":true,"href":"https:\/\/www.tcdombasle.fr\/index.php?rest_route=\/wp\/v2\/users\/1"}],"replies":[{"embeddable":true,"href":"https:\/\/www.tcdombasle.fr\/index.php?rest_route=%2Fwp%2Fv2%2Fcomments&post=51"}],"version-history":[{"count":4,"href":"https:\/\/www.tcdombasle.fr\/index.php?rest_route=\/wp\/v2\/pages\/51\/revisions"}],"predecessor-version":[{"id":1656,"href":"https:\/\/www.tcdombasle.fr\/index.php?rest_route=\/wp\/v2\/pages\/51\/revisions\/1656"}],"wp:attachment":[{"href":"https:\/\/www.tcdombasle.fr\/index.php?rest_route=%2Fwp%2Fv2%2Fmedia&parent=51"}],"curies":[{"name":"wp","href":"https:\/\/api.w.org\/{rel}","templated":true}]}}