{"id":1553,"date":"2022-08-22T18:02:13","date_gmt":"2022-08-22T16:02:13","guid":{"rendered":"https:\/\/www.tcdombasle.fr\/?page_id=1553"},"modified":"2024-12-22T21:23:50","modified_gmt":"2024-12-22T20:23:50","slug":"newsletters","status":"publish","type":"page","link":"https:\/\/www.tcdombasle.fr\/?page_id=1553","title":{"rendered":"Newsletters"},"content":{"rendered":"\n<p><a href=\"https:\/\/www.tcdombasle.fr\/wp-content\/uploads\/2022\/08\/tcd_infos_mai_2022.pdf\" target=\"_blank\" rel=\"noreferrer noopener\">Mai 2022<\/a> <br> <a href=\"https:\/\/www.tcdombasle.fr\/wp-content\/uploads\/2022\/08\/tcd_infos_aout_2022.pdf\" target=\"_blank\" rel=\"noreferrer noopener\">Ao\u00fbt 2022<\/a> <br> <a href=\"https:\/\/www.tcdombasle.fr\/wp-content\/uploads\/2022\/11\/tcd_infos_decembre_2022.pdf\" target=\"_blank\" rel=\"noreferrer noopener\">D\u00e9cembre 2022<\/a> <br> <a href=\"https:\/\/www.tcdombasle.fr\/wp-content\/uploads\/2023\/07\/tcd_infos_mars_2023.pdf\" target=\"_blank\" rel=\"noreferrer noopener\">Mars 2023<\/a> <br> <a href=\"https:\/\/www.tcdombasle.fr\/wp-content\/uploads\/2023\/07\/tcd_infos_juillet_2023.pdf\" target=\"_blank\" rel=\"noreferrer noopener\">Juillet 2023<\/a> <br> <a href=\"https:\/\/www.tcdombasle.fr\/wp-content\/uploads\/2023\/08\/tcd_infos_septembre_2023.pdf\" target=\"_blank\" rel=\"noreferrer noopener\">Septembre 2023<\/a> <br> <a href=\"https:\/\/www.tcdombasle.fr\/wp-content\/uploads\/2024\/08\/tcd_infos_aout_2024.pdf\" target=\"_blank\" rel=\"noreferrer noopener\">Ao\u00fbt 2024<\/a> <br> <a href=\"https:\/\/www.tcdombasle.fr\/wp-content\/uploads\/2024\/12\/tcd_infos_decembre_2024.pdf\">D\u00e9cembre 2024<\/a><\/p>\n","protected":false},"excerpt":{"rendered":"<p>Mai 2022 Ao\u00fbt 2022 D\u00e9cembre 2022 Mars 2023 Juillet 2023 Septembre 2023 Ao\u00fbt 2024 D\u00e9cembre 2024<\/p>\n","protected":false},"author":1,"featured_media":0,"parent":0,"menu_order":4,"comment_status":"closed","ping_status":"closed","template":"","meta":{"jetpack_post_was_ever_published":false,"footnotes":""},"class_list":["post-1553","page","type-page","status-publish","hentry"],"jetpack_shortlink":"https:\/\/wp.me\/P4gjgU-p3","jetpack_sharing_enabled":true,"_links":{"self":[{"href":"https:\/\/www.tcdombasle.fr\/index.php?rest_route=\/wp\/v2\/pages\/1553","targetHints":{"allow":["GET"]}}],"collection":[{"href":"https:\/\/www.tcdombasle.fr\/index.php?rest_route=\/wp\/v2\/pages"}],"about":[{"href":"https:\/\/www.tcdombasle.fr\/index.php?rest_route=\/wp\/v2\/types\/page"}],"author":[{"embeddable":true,"href":"https:\/\/www.tcdombasle.fr\/index.php?rest_route=\/wp\/v2\/users\/1"}],"replies":[{"embeddable":true,"href":"https:\/\/www.tcdombasle.fr\/index.php?rest_route=%2Fwp%2Fv2%2Fcomments&post=1553"}],"version-history":[{"count":18,"href":"https:\/\/www.tcdombasle.fr\/index.php?rest_route=\/wp\/v2\/pages\/1553\/revisions"}],"predecessor-version":[{"id":1758,"href":"https:\/\/www.tcdombasle.fr\/index.php?rest_route=\/wp\/v2\/pages\/1553\/revisions\/1758"}],"wp:attachment":[{"href":"https:\/\/www.tcdombasle.fr\/index.php?rest_route=%2Fwp%2Fv2%2Fmedia&parent=1553"}],"curies":[{"name":"wp","href":"https:\/\/api.w.org\/{rel}","templated":true}]}}