{"id":11,"date":"2013-10-20T16:44:43","date_gmt":"2013-10-20T14:44:43","guid":{"rendered":"http:\/\/www.tcdombasle.fr\/testnewsite\/?page_id=11"},"modified":"2022-05-04T10:36:36","modified_gmt":"2022-05-04T08:36:36","slug":"presentation-du-club","status":"publish","type":"page","link":"https:\/\/www.tcdombasle.fr\/?page_id=11","title":{"rendered":"Pr\u00e9sentation du club"},"content":{"rendered":"<p style=\"text-align: justify;\">Le Tennis Club Dombasle se trouve sur la Digue de la Saline \u00e0 Dombasle sur Meurthe. Il existe depuis 1937, et comptait en 2022 197 licenci\u00e9s, dont 109 jeunes de moins de 18 ans. Il est pr\u00e9sid\u00e9 par David NOULIN depuis 2021.<\/p>\n<div id=\"attachment_12\" style=\"width: 310px\" class=\"wp-caption aligncenter\"><a href=\"http:\/\/www.tcdombasle.fr\/?attachment_id=12\" rel=\"attachment wp-att-12\"><img loading=\"lazy\" decoding=\"async\" aria-describedby=\"caption-attachment-12\" class=\"size-medium wp-image-12\" src=\"http:\/\/www.tcdombasle.fr\/wp-content\/uploads\/2013\/10\/P1000218_bis_m-300x224.jpg\" alt=\"Vue a\u00e9rienne du TC Dombasle.\" width=\"300\" height=\"224\" srcset=\"https:\/\/www.tcdombasle.fr\/wp-content\/uploads\/2013\/10\/P1000218_bis_m-300x224.jpg 300w, https:\/\/www.tcdombasle.fr\/wp-content\/uploads\/2013\/10\/P1000218_bis_m.jpg 448w\" sizes=\"auto, (max-width: 300px) 100vw, 300px\" \/><\/a><p id=\"caption-attachment-12\" class=\"wp-caption-text\">Vue a\u00e9rienne du TC Dombasle.<\/p><\/div>\n<p style=\"text-align: justify;\">Le club comporte deux terrains int\u00e9rieurs, en GreenSet, et quatre terrains ext\u00e9rieurs, tous en terre-battue.<\/p>\n<p style=\"text-align: justify;\">Il dispose \u00e9galement d\u2019un club-house. Voici un plan pour acc\u00e9der aux installations du club (vous pouvez cliquer dessus pour l&rsquo;agrandir)\u00a0:<\/p>\n<div id=\"attachment_13\" style=\"width: 784px\" class=\"wp-caption aligncenter\"><a href=\"http:\/\/www.tcdombasle.fr\/?attachment_id=13\" rel=\"attachment wp-att-13\"><img loading=\"lazy\" decoding=\"async\" aria-describedby=\"caption-attachment-13\" class=\"size-full wp-image-13\" src=\"http:\/\/www.tcdombasle.fr\/wp-content\/uploads\/2013\/10\/plan_tcd.jpg\" alt=\"Plan du TCD.\" width=\"774\" height=\"592\" srcset=\"https:\/\/www.tcdombasle.fr\/wp-content\/uploads\/2013\/10\/plan_tcd.jpg 774w, https:\/\/www.tcdombasle.fr\/wp-content\/uploads\/2013\/10\/plan_tcd-300x229.jpg 300w\" sizes=\"auto, (max-width: 774px) 100vw, 774px\" \/><\/a><p id=\"caption-attachment-13\" class=\"wp-caption-text\">Plan du TCD.<\/p><\/div>\n<p>Informations pratiques\u00a0:<\/p>\n<p><strong>TC Dombasle<\/strong><br \/>\nDigue de la Saline<br \/>\n54110 Dombasle-sur-Meurthe<br \/>\nT\u00e9l\u00e9phone\u00a0: 03 83 48 33 04<\/p>\n<p><strong>Coordonn\u00e9es GPS<\/strong><br \/>\nLatitude :\u00a048.62399328854948<br \/>\nLongitude :\u00a06.340516805648804<\/p>\n<p>Vous pouvez nous contacter par e-mail en vous rendant ici\u00a0:<\/p>\n<p style=\"text-align: justify;\"><a href=\"http:\/\/www.tcdombasle.fr\/?page_id=20\" target=\"blank\" rel=\"noopener\">Nous envoyer un e-mail<\/a><\/p>\n","protected":false},"excerpt":{"rendered":"<p>Le Tennis Club Dombasle se trouve sur la Digue de la Saline \u00e0 Dombasle sur Meurthe. Il existe depuis 1937, et comptait en 2022 197 licenci\u00e9s, dont 109 jeunes de moins de 18 ans. Il est pr\u00e9sid\u00e9 par David NOULIN &hellip; <a href=\"https:\/\/www.tcdombasle.fr\/?page_id=11\">Continuer la lecture <span class=\"meta-nav\">&rarr;<\/span><\/a><\/p>\n","protected":false},"author":1,"featured_media":0,"parent":0,"menu_order":0,"comment_status":"closed","ping_status":"closed","template":"","meta":{"jetpack_post_was_ever_published":false,"footnotes":""},"class_list":["post-11","page","type-page","status-publish","hentry"],"jetpack_shortlink":"https:\/\/wp.me\/P4gjgU-b","jetpack_sharing_enabled":true,"_links":{"self":[{"href":"https:\/\/www.tcdombasle.fr\/index.php?rest_route=\/wp\/v2\/pages\/11","targetHints":{"allow":["GET"]}}],"collection":[{"href":"https:\/\/www.tcdombasle.fr\/index.php?rest_route=\/wp\/v2\/pages"}],"about":[{"href":"https:\/\/www.tcdombasle.fr\/index.php?rest_route=\/wp\/v2\/types\/page"}],"author":[{"embeddable":true,"href":"https:\/\/www.tcdombasle.fr\/index.php?rest_route=\/wp\/v2\/users\/1"}],"replies":[{"embeddable":true,"href":"https:\/\/www.tcdombasle.fr\/index.php?rest_route=%2Fwp%2Fv2%2Fcomments&post=11"}],"version-history":[{"count":9,"href":"https:\/\/www.tcdombasle.fr\/index.php?rest_route=\/wp\/v2\/pages\/11\/revisions"}],"predecessor-version":[{"id":1510,"href":"https:\/\/www.tcdombasle.fr\/index.php?rest_route=\/wp\/v2\/pages\/11\/revisions\/1510"}],"wp:attachment":[{"href":"https:\/\/www.tcdombasle.fr\/index.php?rest_route=%2Fwp%2Fv2%2Fmedia&parent=11"}],"curies":[{"name":"wp","href":"https:\/\/api.w.org\/{rel}","templated":true}]}}